{"id":24,"date":"2015-03-31T01:23:40","date_gmt":"2015-03-31T01:23:40","guid":{"rendered":"http:\/\/www2.chinainstitut-unifrankfurt.de\/?page_id=24"},"modified":"2015-05-03T05:20:54","modified_gmt":"2015-05-03T05:20:54","slug":"programm","status":"publish","type":"page","link":"https:\/\/china-institut.uni-frankfurt.de\/?page_id=24","title":{"rendered":"Programm"},"content":{"rendered":"<h1>Konzept China Wissen<\/h1>\n<h2>Eine Vortragsreihe des China-Instituts<br \/>\nan der Universit\u00e4t Frankfurt<br \/>\n{year}<\/h2>\n<p>Die dynamische wirtschaftliche, kulturelle und politische Entwicklung Chinas seit Begin des neuen Jahrtausends hat die Besch\u00e4ftigung mit China als Staat, Wirtschaftsmacht und Kultur mit langer Geschichte zu einem der zentralen Themen der globalen Gesellschaft gemacht. Wissen \u00fcber China ist f\u00fcr unser Verst\u00e4ndnis der gegenw\u00e4rtigen und k\u00fcnftigen Entwicklung der Welt unverzichtbar.<\/p>\n<p>China ist uns heute n\u00e4her als je zuvor. Seit in den Medien Berichte zu allen Aspekten der chinesischen Entwicklung an der Tagesordnung sind, hat China den Status des exotisch Anderen verlohren. Dennoch bleibt uns China h\u00e4ufig seltsam Fremd. In manchen Bereichen erscheint es erschreckend eindimensional, in anderen Bereichen so facettenreich, da\u00df eine unabh\u00e4ngige und informierte Meinungsbildung nahezu unm\u00f6glich scheint.<\/p>\n<p>Hier will die Veranstaltungsreihe China Wissen Abhilfe schaffen. China-Wissenschaftler und Praktiker halten auf Einladung des China-Instituts Vortr\u00e4ge zu aktuellen Themen und zu Problembereichen, die sich auf Kernfragen der chinesischen Identit\u00e4t beziehen. Ihre Tragweite beziehen diese Identit\u00e4tsvorstellungen aus der Bedeutung , der Geschichte und Tradition im heutigen China beigemessen werden. Geschichte, Gegenwart und Zukunft verschmelzen miteinander. Eine kritische differenzierte Betrachtung der unterschiedlichen Schichten aus denen sich unser Chinabild und vor allem das chinesische Selbstbild zusammensetzen, ist f\u00fcr jeden, der sich aus beruflichen oder privaten Interesse mit China besch\u00e4ftigt, unverzichtbar.<\/p>\n","protected":false},"excerpt":{"rendered":"<p>Konzept China Wissen Eine Vortragsreihe des China-Instituts an der Universit\u00e4t Frankfurt {year} Die dynamische wirtschaftliche, kulturelle und politische Entwicklung Chinas seit Begin des neuen Jahrtausends hat die Besch\u00e4ftigung mit China als Staat, Wirtschaftsmacht und Kultur mit langer Geschichte zu einem der zentralen Themen der globalen Gesellschaft gemacht. Wissen \u00fcber China ist f\u00fcr unser Verst\u00e4ndnis der [&hellip;]<\/p>\n","protected":false},"author":1,"featured_media":0,"parent":0,"menu_order":4,"comment_status":"open","ping_status":"open","template":"page-programm.php","meta":{"footnotes":""},"class_list":["post-24","page","type-page","status-publish","hentry"],"_links":{"self":[{"href":"https:\/\/china-institut.uni-frankfurt.de\/index.php?rest_route=\/wp\/v2\/pages\/24","targetHints":{"allow":["GET"]}}],"collection":[{"href":"https:\/\/china-institut.uni-frankfurt.de\/index.php?rest_route=\/wp\/v2\/pages"}],"about":[{"href":"https:\/\/china-institut.uni-frankfurt.de\/index.php?rest_route=\/wp\/v2\/types\/page"}],"author":[{"embeddable":true,"href":"https:\/\/china-institut.uni-frankfurt.de\/index.php?rest_route=\/wp\/v2\/users\/1"}],"replies":[{"embeddable":true,"href":"https:\/\/china-institut.uni-frankfurt.de\/index.php?rest_route=%2Fwp%2Fv2%2Fcomments&post=24"}],"version-history":[{"count":5,"href":"https:\/\/china-institut.uni-frankfurt.de\/index.php?rest_route=\/wp\/v2\/pages\/24\/revisions"}],"predecessor-version":[{"id":147,"href":"https:\/\/china-institut.uni-frankfurt.de\/index.php?rest_route=\/wp\/v2\/pages\/24\/revisions\/147"}],"wp:attachment":[{"href":"https:\/\/china-institut.uni-frankfurt.de\/index.php?rest_route=%2Fwp%2Fv2%2Fmedia&parent=24"}],"curies":[{"name":"wp","href":"https:\/\/api.w.org\/{rel}","templated":true}]}}