{"id":26,"date":"2015-03-31T01:23:51","date_gmt":"2015-03-31T01:23:51","guid":{"rendered":"http:\/\/www2.chinainstitut-unifrankfurt.de\/?page_id=26"},"modified":"2015-05-08T21:21:08","modified_gmt":"2015-05-08T21:21:08","slug":"veroeffentlichungen","status":"publish","type":"page","link":"https:\/\/china-institut.uni-frankfurt.de\/?page_id=26","title":{"rendered":"Warum Mitglied werden?"},"content":{"rendered":"<h2>1. Kostenloser Eintritt zu Veranstaltungen<\/h2>\n<p>Mitglieder des China-Institut an der Goethe-Universit\u00e4t Frankfurt am Main e.V. erhalten kostenlosen Eintritt zu den Veranstaltungen des Instituts. Hierzu z\u00e4hlt unter anderem eine sechs- bis achtteilige Vortragsreihe im Jahr, in deren Rahmen renommierte Wissenschaftler und Praktiker zu aktuellen Themen und zu Problembereichen, die sich auf Kernfragen der chinesischen Identit\u00e4t beziehen, vortragen.<\/p>\n<h2>Beitr\u00e4ge<\/h2>\n<p>Die aktuellen Jahresbeitr\u00e4ge einer Mitgliedschaft betragen:<\/p>\n<ul>\n<li>f\u00fcr pers\u00f6nliche Mitglieder: 80,00 EUR<\/li>\n<li>f\u00fcr korporative Mitglieder: 800,00 EUR<\/li>\n<li>f\u00fcr Studierende: 15,00 EUR<\/li>\n<\/ul>\n<p>F\u00fcr die Mitgliedsbeitr\u00e4ge kann das China-Institut nach Erhalt Zuwendungsbest\u00e4tigungen ausstellen.<br \/>\nDie Vereinsziele und die Beitrittserkl\u00e4rung k\u00f6nnen hier eingesehen werden und stehen zum Download bereit.<\/p>\n<h2>Downloads:<\/h2>\n<p><a href=\"https:\/\/china-institut.uni-frankfurt.de\/wp-content\/uploads\/2015\/03\/China-Institut_Beitrittserkl\u00e4rung_aktuell.pdf\">Beitrittserkl\u00e4rung (PDF)<\/a><\/p>\n<div id=\"top1\"><a href=\"#top\">top \u2191<\/a><\/div>\n<p>&nbsp;<\/p>\n","protected":false},"excerpt":{"rendered":"<p>1. Kostenloser Eintritt zu Veranstaltungen Mitglieder des China-Institut an der Goethe-Universit\u00e4t Frankfurt am Main e.V. erhalten kostenlosen Eintritt zu den Veranstaltungen des Instituts. Hierzu z\u00e4hlt unter anderem eine sechs- bis achtteilige Vortragsreihe im Jahr, in deren Rahmen renommierte Wissenschaftler und Praktiker zu aktuellen Themen und zu Problembereichen, die sich auf Kernfragen der chinesischen Identit\u00e4t beziehen, [&hellip;]<\/p>\n","protected":false},"author":1,"featured_media":0,"parent":0,"menu_order":5,"comment_status":"open","ping_status":"open","template":"","meta":{"footnotes":""},"class_list":["post-26","page","type-page","status-publish","hentry"],"_links":{"self":[{"href":"https:\/\/china-institut.uni-frankfurt.de\/index.php?rest_route=\/wp\/v2\/pages\/26","targetHints":{"allow":["GET"]}}],"collection":[{"href":"https:\/\/china-institut.uni-frankfurt.de\/index.php?rest_route=\/wp\/v2\/pages"}],"about":[{"href":"https:\/\/china-institut.uni-frankfurt.de\/index.php?rest_route=\/wp\/v2\/types\/page"}],"author":[{"embeddable":true,"href":"https:\/\/china-institut.uni-frankfurt.de\/index.php?rest_route=\/wp\/v2\/users\/1"}],"replies":[{"embeddable":true,"href":"https:\/\/china-institut.uni-frankfurt.de\/index.php?rest_route=%2Fwp%2Fv2%2Fcomments&post=26"}],"version-history":[{"count":5,"href":"https:\/\/china-institut.uni-frankfurt.de\/index.php?rest_route=\/wp\/v2\/pages\/26\/revisions"}],"predecessor-version":[{"id":177,"href":"https:\/\/china-institut.uni-frankfurt.de\/index.php?rest_route=\/wp\/v2\/pages\/26\/revisions\/177"}],"wp:attachment":[{"href":"https:\/\/china-institut.uni-frankfurt.de\/index.php?rest_route=%2Fwp%2Fv2%2Fmedia&parent=26"}],"curies":[{"name":"wp","href":"https:\/\/api.w.org\/{rel}","templated":true}]}}