{"id":29,"date":"2015-03-31T01:24:10","date_gmt":"2015-03-31T01:24:10","guid":{"rendered":"http:\/\/www2.chinainstitut-unifrankfurt.de\/?page_id=29"},"modified":"2024-02-29T09:41:38","modified_gmt":"2024-02-29T09:41:38","slug":"kontakt","status":"publish","type":"page","link":"https:\/\/china-institut.uni-frankfurt.de\/?page_id=29","title":{"rendered":"Kontakt"},"content":{"rendered":"\n<h2 class=\"wp-block-heading\">China-Institut an der<br>Goethe Universit\u00e4t<br>Frankfurt am Main e. V.<\/h2>\n\n\n\n<p>Prof. Dr. Iwo Amelung<br>Fachbereich 09 Sinologie<br>Rostocker Stra\u00dfe 2<br>60323 Frankfurt am Main<\/p>\n\n\n\n<p>Postanschrift:<\/p>\n\n\n\n<p>Goethe-Universit\u00e4t Frankfurt<br>China-Institut an der Goethe Universit\u00e4t Frankfurt am Main e. V.<br>Gesch\u00e4ftszimmer Sinologie (HPF 210)<br>60629 Frankfurt am Main<\/p>\n\n\n\n<p><\/p>\n\n\n\n<p>Telefon 069\/798-22860<br>Telefax 069\/798-22176<br>E-Mail: <a href=\"&#109;&#x61;i&#x6c;&#x74;&#111;&#x3a;a&#x6d;&#x65;&#108;&#x75;n&#x67;&#x40;&#101;&#x6d;&#46;&#x75;&#x6e;&#105;&#x2d;f&#x72;&#x61;&#110;&#x6b;f&#x75;&#x72;&#116;&#x2e;d&#x65;\">&#x61;&#109;&#101;l&#x75;&#x6e;&#103;&#64;&#x65;&#x6d;&#46;u&#x6e;&#x69;&#45;f&#x72;&#x61;&#110;k&#x66;&#x75;&#114;t&#x2e;&#x64;&#101;<\/a><br>Website: <a href=\"https:\/\/china-institut.uni-frankfurt.de\/\">https:\/\/china-institut.uni-frankfurt.de\/<\/a><\/p>\n\n\n\n<p>Wissenschaftliche Mitarbeiterin:<br>Frau Grete Sch\u00f6nebeck<br>Telefon: 069\/798-22843<br>E-Mail: &#x73;&#99;h&#x6f;&#x65;&#110;e&#x62;&#101;c&#x6b;&#x40;&#101;m&#x2e;&#117;n&#x69;&#x2d;&#102;r&#x61;&#x6e;&#107;&#x66;&#x75;&#114;t&#x2e;&#x64;&#101;<\/p>\n","protected":false},"excerpt":{"rendered":"<p>China-Institut an derGoethe Universit\u00e4tFrankfurt am Main e. V. Prof. Dr. Iwo AmelungFachbereich 09 SinologieRostocker Stra\u00dfe 260323 Frankfurt am Main Postanschrift: Goethe-Universit\u00e4t FrankfurtChina-Institut an der Goethe Universit\u00e4t Frankfurt am Main e. V.Gesch\u00e4ftszimmer Sinologie (HPF 210)60629 Frankfurt am Main Telefon 069\/798-22860Telefax 069\/798-22176E-Mail: &#97;&#x6d;&#101;&#x6c;u&#x6e;g&#64;&#x65;&#109;&#x2e;u&#x6e;i&#45;&#x66;&#114;&#x61;n&#x6b;f&#117;&#x72;&#116;&#x2e;d&#x65;Website: https:\/\/china-institut.uni-frankfurt.de\/ Wissenschaftliche Mitarbeiterin:Frau Grete Sch\u00f6nebeckTelefon: 069\/798-22843E-Mail: &#115;&#x63;&#104;&#x6f;&#101;&#x6e;e&#x62;e&#x63;k&#64;&#x65;&#109;&#x2e;&#117;&#x6e;&#105;&#x2d;f&#x72;a&#x6e;k&#102;&#x75;&#114;&#x74;&#46;&#x64;&#101;<\/p>\n","protected":false},"author":1,"featured_media":0,"parent":0,"menu_order":6,"comment_status":"open","ping_status":"open","template":"","meta":{"footnotes":""},"class_list":["post-29","page","type-page","status-publish","hentry"],"_links":{"self":[{"href":"https:\/\/china-institut.uni-frankfurt.de\/index.php?rest_route=\/wp\/v2\/pages\/29","targetHints":{"allow":["GET"]}}],"collection":[{"href":"https:\/\/china-institut.uni-frankfurt.de\/index.php?rest_route=\/wp\/v2\/pages"}],"about":[{"href":"https:\/\/china-institut.uni-frankfurt.de\/index.php?rest_route=\/wp\/v2\/types\/page"}],"author":[{"embeddable":true,"href":"https:\/\/china-institut.uni-frankfurt.de\/index.php?rest_route=\/wp\/v2\/users\/1"}],"replies":[{"embeddable":true,"href":"https:\/\/china-institut.uni-frankfurt.de\/index.php?rest_route=%2Fwp%2Fv2%2Fcomments&post=29"}],"version-history":[{"count":5,"href":"https:\/\/china-institut.uni-frankfurt.de\/index.php?rest_route=\/wp\/v2\/pages\/29\/revisions"}],"predecessor-version":[{"id":280,"href":"https:\/\/china-institut.uni-frankfurt.de\/index.php?rest_route=\/wp\/v2\/pages\/29\/revisions\/280"}],"wp:attachment":[{"href":"https:\/\/china-institut.uni-frankfurt.de\/index.php?rest_route=%2Fwp%2Fv2%2Fmedia&parent=29"}],"curies":[{"name":"wp","href":"https:\/\/api.w.org\/{rel}","templated":true}]}}