{"id":31,"date":"2015-03-31T01:24:21","date_gmt":"2015-03-31T01:24:21","guid":{"rendered":"http:\/\/www2.chinainstitut-unifrankfurt.de\/?page_id=31"},"modified":"2024-02-29T09:43:02","modified_gmt":"2024-02-29T09:43:02","slug":"impressum","status":"publish","type":"page","link":"https:\/\/china-institut.uni-frankfurt.de\/?page_id=31","title":{"rendered":"Impressum \/ Datenschutz"},"content":{"rendered":"<p>Anbieter dieser Internetpr\u00e4senz ist im Rechtssinne das<\/p>\n<p>China-Institut an der<br \/>\nGoethe-Universit\u00e4t<br \/>\nFrankfurt am Main e.V.<\/p>\n<p>Fachbereich 09 Sinologie<br \/>\nRostocker Stra\u00dfe 2<br \/>\n60323 Frankfurt am Main<\/p>\n<p>Telefon 069\/798-22860<br \/>\nTelefax 069\/798-22176<br \/>\nE-Mail: <a href=\"&#x6d;&#x61;&#x69;&#x6c;&#116;&#111;&#58;&#97;mel&#x75;&#x6e;&#x67;&#x40;&#x65;&#109;&#46;&#117;ni-&#x66;&#x72;&#x61;&#x6e;&#x6b;&#102;&#117;&#114;t&#46;d&#x65;\">&#x61;&#109;e&#x6c;&#117;&#110;&#x67;&#x40;&#101;m&#x2e;&#117;n&#x69;&#x2d;&#102;r&#x61;&#110;k&#x66;&#x75;&#114;t&#x2e;&#100;e<\/a><br \/>\nWebsite: <a href=\"https:\/\/china-institut.uni-frankfurt.de\">https:\/\/china-institut.uni-frankfurt.de<\/a><\/p>\n<p>Das China-Institut an der Goethe-Universit\u00e4t ist ein gemeinn\u00fctziger Verein mit Sitz in Frankfurt am Main und ist im Vereinsregister des Amtsgerichts Frankfurt am Main- Registergericht- unter der Registernummer VR 6493 eingetragen.<\/p>\n<p>Der Verein verfolgt ausschlie\u00dflich und unmittelbar gemeinn\u00fctzige Zwecke im Sinne des Abschnitts \u201eSteuerbeg\u00fcnstigter Zwecke\u201c der Abgabenordnung.<\/p>\n<p>Vertretungsberechtigter Vorstand:<br \/>\nProf. Dr. Iwo Amelung \u2013 Vorsitzender des Vorstandes<br \/>\nDr. J\u00fcrgen Ratzinger \u2013 stellvertretender Vorsitzender<br \/>\nAndreas Eisenbach \u2013 Schatzmeister<\/p>\n<p>Projektpartner HTML Version<\/p>\n<p>Konzeption und Inhalt:<br \/>\nBrigitte Lamberz<br \/>\nArt Consulting<\/p>\n<p>Visuelle Konzeption und grafische Umsetzung:<br \/>\nROSAGELB visuelle Identit\u00e4t, <a href=\"http:\/\/www.rosagelb.de\/\" target=\"_blank\" rel=\"noopener\">www.rosagelb.de<\/a><\/p>\n<p>Bildnachweis\/Kopfzeilen:<br \/>\nTino Liedtke, Shau Chung Shin<\/p>\n<p>Technische Umsetzung:<br \/>\nVincent Michalski, Mark Dansel<br \/>\nSignsgroup, <a href=\"http:\/\/www.signsgroup.com\/\" target=\"_blank\" rel=\"noopener\">www.signsgroup.com<\/a><\/p>\n<p>Rechtliche Hinweise:<br \/>\nEs wird keine Gew\u00e4hr f\u00fcr die Richtigkeit oder Vollst\u00e4ndigkeit der gemachten Angaben \u00fcbernommen. \u00c4nderungen und Irrt\u00fcmer bleiben vorbehalten.<\/p>\n<p><a href=\"https:\/\/www.uni-frankfurt.de\/70876599\/Datenschutzerklaerung\">Datenschutzerkl\u00e4rung<\/a><\/p>\n<div id=\"top1\"><a href=\"#top\">top \u2191<\/a><\/div>\n","protected":false},"excerpt":{"rendered":"<p>Anbieter dieser Internetpr\u00e4senz ist im Rechtssinne das China-Institut an der Goethe-Universit\u00e4t Frankfurt am Main e.V. Fachbereich 09 Sinologie Rostocker Stra\u00dfe 2 60323 Frankfurt am Main Telefon 069\/798-22860 Telefax 069\/798-22176 E-Mail: &#97;&#x6d;&#101;&#x6c;&#117;&#x6e;&#103;&#x40;&#101;&#x6d;&#46;&#x75;&#110;&#x69;&#45;&#x66;&#114;&#x61;&#110;&#x6b;&#102;&#x75;&#114;&#x74;&#46;&#x64;&#101; Website: https:\/\/china-institut.uni-frankfurt.de Das China-Institut an der Goethe-Universit\u00e4t ist ein gemeinn\u00fctziger Verein mit Sitz in Frankfurt am Main und ist im Vereinsregister des Amtsgerichts Frankfurt [&hellip;]<\/p>\n","protected":false},"author":1,"featured_media":0,"parent":0,"menu_order":7,"comment_status":"open","ping_status":"open","template":"page.php","meta":{"footnotes":""},"class_list":["post-31","page","type-page","status-publish","hentry"],"_links":{"self":[{"href":"https:\/\/china-institut.uni-frankfurt.de\/index.php?rest_route=\/wp\/v2\/pages\/31","targetHints":{"allow":["GET"]}}],"collection":[{"href":"https:\/\/china-institut.uni-frankfurt.de\/index.php?rest_route=\/wp\/v2\/pages"}],"about":[{"href":"https:\/\/china-institut.uni-frankfurt.de\/index.php?rest_route=\/wp\/v2\/types\/page"}],"author":[{"embeddable":true,"href":"https:\/\/china-institut.uni-frankfurt.de\/index.php?rest_route=\/wp\/v2\/users\/1"}],"replies":[{"embeddable":true,"href":"https:\/\/china-institut.uni-frankfurt.de\/index.php?rest_route=%2Fwp%2Fv2%2Fcomments&post=31"}],"version-history":[{"count":7,"href":"https:\/\/china-institut.uni-frankfurt.de\/index.php?rest_route=\/wp\/v2\/pages\/31\/revisions"}],"predecessor-version":[{"id":281,"href":"https:\/\/china-institut.uni-frankfurt.de\/index.php?rest_route=\/wp\/v2\/pages\/31\/revisions\/281"}],"wp:attachment":[{"href":"https:\/\/china-institut.uni-frankfurt.de\/index.php?rest_route=%2Fwp%2Fv2%2Fmedia&parent=31"}],"curies":[{"name":"wp","href":"https:\/\/api.w.org\/{rel}","templated":true}]}}