{"id":7,"date":"2015-03-31T00:53:09","date_gmt":"2015-03-31T00:53:09","guid":{"rendered":"http:\/\/www2.chinainstitut-unifrankfurt.de\/?page_id=7"},"modified":"2015-05-10T21:36:07","modified_gmt":"2015-05-10T21:36:07","slug":"home","status":"publish","type":"page","link":"https:\/\/china-institut.uni-frankfurt.de\/","title":{"rendered":"Herzlich Willkommen <BR \/>auf der Website des China-Instituts<BR \/>an der Goethe-Universit\u00e4t Frankfurt am Main e.V.!"},"content":{"rendered":"<p>Das China-Institut ist ein politisch unabh\u00e4ngiges Institut, das sich als Schnittstelle zwischen Wissenschaft und der an China interessierten \u00d6ffentlichkeit sieht.<\/p>\n<p>1925 gr\u00fcndet Richard Wilhelm das Institut auf Initiative von Frankfurter B\u00fcrgern. Im Mittelpunkt der damaligen Arbeit stehen Fragen der chinesischen Kultur, vor allem aus den Bereichen Kunst, Literatur, Musik und Philosophie. Mit dem Zweiten Weltkrieg kommt die Arbeit des Instituts zum Erliegen und wird in den 70er Jahren wieder aufgenommen. 2005 schlie\u00dflich wird der Verein neu organisiert und neben dem Schwerpunkt Kultur der T\u00e4tigkeitsbereich auf die Gebiete Wirtschaft und Recht ausgeweitet.<\/p>\n<p>Die folgenden Seiten informieren Sie \u00fcber <a href=\"https:\/\/china-institut.uni-frankfurt.de\/?page_id=24\">aktuelle Veranstaltungen<\/a>,\u00a0<a href=\"https:\/\/china-institut.uni-frankfurt.de\/?page_id=59\">Ver\u00f6ffentlichungen<\/a>, die <a href=\"https:\/\/china-institut.uni-frankfurt.de\/?page_id=41\">Vereinsziele<\/a>, die wechselvolle <a href=\"https:\/\/china-institut.uni-frankfurt.de\/?page_id=11\">Geschichte des Instituts<\/a> und wie Sie <a href=\"https:\/\/china-institut.uni-frankfurt.de\/?page_id=26\">Mitglied<\/a> werden k\u00f6nnen.<\/p>\n","protected":false},"excerpt":{"rendered":"<p>Das China-Institut ist ein politisch unabh\u00e4ngiges Institut, das sich als Schnittstelle zwischen Wissenschaft und der an China interessierten \u00d6ffentlichkeit sieht. 1925 gr\u00fcndet Richard Wilhelm das Institut auf Initiative von Frankfurter B\u00fcrgern. Im Mittelpunkt der damaligen Arbeit stehen Fragen der chinesischen Kultur, vor allem aus den Bereichen Kunst, Literatur, Musik und Philosophie. Mit dem Zweiten Weltkrieg [&hellip;]<\/p>\n","protected":false},"author":2,"featured_media":0,"parent":0,"menu_order":1,"comment_status":"open","ping_status":"open","template":"","meta":{"footnotes":""},"class_list":["post-7","page","type-page","status-publish","hentry"],"_links":{"self":[{"href":"https:\/\/china-institut.uni-frankfurt.de\/index.php?rest_route=\/wp\/v2\/pages\/7","targetHints":{"allow":["GET"]}}],"collection":[{"href":"https:\/\/china-institut.uni-frankfurt.de\/index.php?rest_route=\/wp\/v2\/pages"}],"about":[{"href":"https:\/\/china-institut.uni-frankfurt.de\/index.php?rest_route=\/wp\/v2\/types\/page"}],"author":[{"embeddable":true,"href":"https:\/\/china-institut.uni-frankfurt.de\/index.php?rest_route=\/wp\/v2\/users\/2"}],"replies":[{"embeddable":true,"href":"https:\/\/china-institut.uni-frankfurt.de\/index.php?rest_route=%2Fwp%2Fv2%2Fcomments&post=7"}],"version-history":[{"count":7,"href":"https:\/\/china-institut.uni-frankfurt.de\/index.php?rest_route=\/wp\/v2\/pages\/7\/revisions"}],"predecessor-version":[{"id":179,"href":"https:\/\/china-institut.uni-frankfurt.de\/index.php?rest_route=\/wp\/v2\/pages\/7\/revisions\/179"}],"wp:attachment":[{"href":"https:\/\/china-institut.uni-frankfurt.de\/index.php?rest_route=%2Fwp%2Fv2%2Fmedia&parent=7"}],"curies":[{"name":"wp","href":"https:\/\/api.w.org\/{rel}","templated":true}]}}